{"id":60603,"date":"2026-05-01T20:39:03","date_gmt":"2026-05-01T18:39:03","guid":{"rendered":"https:\/\/www.isar-rider.de\/?post_type=product&#038;p=60603"},"modified":"2026-05-01T21:51:15","modified_gmt":"2026-05-01T19:51:15","slug":"isarperlen-blue-sodalith","status":"publish","type":"product","link":"https:\/\/www.isar-rider.de\/en\/produkt\/isarperlen-blue-sodalith\/","title":{"rendered":"ISARPERLEN Blue Sodalith"},"content":{"rendered":"<ul>\n<li>Kategorie: Edelstein-Perlenarmband Herren<\/li>\n<li>Gr\u00f6\u00dfenverstellbar (Gr\u00f6\u00dfe M &#8211; Gr\u00f6\u00dfe XXL)<\/li>\n<li>Durchmesser: 6 mm<\/li>\n<li>Material: Sodalith-Edelstein \/ Edelstahl<\/li>\n<li>Farbe: blau-grau-wei\u00df<\/li>\n<li>Scheibenschliff<\/li>\n<li>Verschluss: Hochwertiger Schiebeverschluss aus Edelstahl<\/li>\n<li>Markantes Isarrider Stierkopf-Logo<\/li>\n<li>Logo tiefengraviert und abriebfest<\/li>\n<li>Verpackung: Hochwertige Isarrider-Holzbox<\/li>\n<li>Das perfekte Geschenk f\u00fcr M\u00e4nner<\/li>\n<li>Lieferzeit 2-3 Werktage<\/li>\n<\/ul>\n","protected":false},"excerpt":{"rendered":"<p><strong>Du tr\u00e4gst gerne Jeans?<\/strong><\/p>\n<p>Das Isarrider-Sodalith-Armband ist fast schon ein Must-have f\u00fcr jeden der gerne Jeans tr\u00e4gt. Die intensiven Blaut\u00f6ne, durchzogen mit ihrer einzigartigen wei\u00df-grauen Maserung machen jedes Armband zu einem Unikat, das es so kein zweites Mal gibt. Es passt \u00fcbrigens auch zu Hemd und Anzug in \u00e4hnlichen Farbt\u00f6nen. Der Stein steht f\u00fcr Klarheit, emotionales Gleichgewicht, Intuition und Wahrheit.<\/p>\n","protected":false},"featured_media":60568,"template":"","meta":[],"product_brand":[],"product_cat":[92,194,294],"product_tag":[],"giftcard-category":[],"class_list":{"0":"post-60603","1":"product","2":"type-product","3":"status-publish","4":"has-post-thumbnail","6":"product_cat-armbaender","7":"product_cat-bracelets","8":"product_cat-perlenarmbaender","10":"first","11":"instock","12":"taxable","13":"shipping-taxable","14":"purchasable","15":"product-type-variable"},"_links":{"self":[{"href":"https:\/\/www.isar-rider.de\/en\/wp-json\/wp\/v2\/product\/60603","targetHints":{"allow":["GET"]}}],"collection":[{"href":"https:\/\/www.isar-rider.de\/en\/wp-json\/wp\/v2\/product"}],"about":[{"href":"https:\/\/www.isar-rider.de\/en\/wp-json\/wp\/v2\/types\/product"}],"wp:featuredmedia":[{"embeddable":true,"href":"https:\/\/www.isar-rider.de\/en\/wp-json\/wp\/v2\/media\/60568"}],"wp:attachment":[{"href":"https:\/\/www.isar-rider.de\/en\/wp-json\/wp\/v2\/media?parent=60603"}],"wp:term":[{"taxonomy":"product_brand","embeddable":true,"href":"https:\/\/www.isar-rider.de\/en\/wp-json\/wp\/v2\/product_brand?post=60603"},{"taxonomy":"product_cat","embeddable":true,"href":"https:\/\/www.isar-rider.de\/en\/wp-json\/wp\/v2\/product_cat?post=60603"},{"taxonomy":"product_tag","embeddable":true,"href":"https:\/\/www.isar-rider.de\/en\/wp-json\/wp\/v2\/product_tag?post=60603"},{"taxonomy":"giftcard-category","embeddable":true,"href":"https:\/\/www.isar-rider.de\/en\/wp-json\/wp\/v2\/giftcard-category?post=60603"}],"curies":[{"name":"wp","href":"https:\/\/api.w.org\/{rel}","templated":true}]}}