{"id":60607,"date":"2026-05-01T21:23:54","date_gmt":"2026-05-01T19:23:54","guid":{"rendered":"https:\/\/www.isar-rider.de\/?post_type=product&#038;p=60607"},"modified":"2026-05-01T21:39:46","modified_gmt":"2026-05-01T19:39:46","slug":"isarperlen-green-mamba","status":"publish","type":"product","link":"https:\/\/www.isar-rider.de\/en\/produkt\/isarperlen-green-mamba\/","title":{"rendered":"Isarperlen Bavarian Summer"},"content":{"rendered":"<ul>\n<li>Kategorie: Edelstein-Perlenarmband Herren<\/li>\n<li>Gr\u00f6\u00dfenverstellbar (Gr\u00f6\u00dfe M &#8211; Gr\u00f6\u00dfe XXL)<\/li>\n<li>Durchmesser: 6 mm<\/li>\n<li>Material: Gr\u00fcner Malachit \/ Edelstahl<\/li>\n<li>Farbe: gr\u00fcn-marmoriert<\/li>\n<li>Scheibenschliff<\/li>\n<li>Verschluss: Hochwertiger Schiebeverschluss aus Edelstahl<\/li>\n<li>Markantes Isarrider Stierkopf-Logo<\/li>\n<li>Logo tiefengraviert und abriebfest<\/li>\n<li>Verpackung: Hochwertige Isarrider-Holzbox<\/li>\n<li>Das perfekte Geschenk f\u00fcr M\u00e4nner<\/li>\n<li>Lieferzeit 2-3 Werktage<\/li>\n<\/ul>\n","protected":false},"excerpt":{"rendered":"<p><strong>Bavarian Summer<\/strong><\/p>\n<p>Dieses Isarrider-Malachit-Armband mit seinem intensiven Gr\u00fcn steht f\u00fcr Natur, Fr\u00f6hlichkeit, Optimismus und Unbeschwertheit. Es ist ein Statement. Mit seiner Wellen-Marmorierung wird jedes Armband zu einem Unikat, das es so nur einmal gibt. Malachit steht f\u00fcr Ver\u00e4nderung, Wachstum und innere Entwicklung.<\/p>\n","protected":false},"featured_media":60567,"template":"","meta":[],"product_brand":[],"product_cat":[92,194,294],"product_tag":[],"giftcard-category":[],"class_list":{"0":"post-60607","1":"product","2":"type-product","3":"status-publish","4":"has-post-thumbnail","6":"product_cat-armbaender","7":"product_cat-bracelets","8":"product_cat-perlenarmbaender","10":"first","11":"instock","12":"taxable","13":"shipping-taxable","14":"purchasable","15":"product-type-variable"},"_links":{"self":[{"href":"https:\/\/www.isar-rider.de\/en\/wp-json\/wp\/v2\/product\/60607","targetHints":{"allow":["GET"]}}],"collection":[{"href":"https:\/\/www.isar-rider.de\/en\/wp-json\/wp\/v2\/product"}],"about":[{"href":"https:\/\/www.isar-rider.de\/en\/wp-json\/wp\/v2\/types\/product"}],"wp:featuredmedia":[{"embeddable":true,"href":"https:\/\/www.isar-rider.de\/en\/wp-json\/wp\/v2\/media\/60567"}],"wp:attachment":[{"href":"https:\/\/www.isar-rider.de\/en\/wp-json\/wp\/v2\/media?parent=60607"}],"wp:term":[{"taxonomy":"product_brand","embeddable":true,"href":"https:\/\/www.isar-rider.de\/en\/wp-json\/wp\/v2\/product_brand?post=60607"},{"taxonomy":"product_cat","embeddable":true,"href":"https:\/\/www.isar-rider.de\/en\/wp-json\/wp\/v2\/product_cat?post=60607"},{"taxonomy":"product_tag","embeddable":true,"href":"https:\/\/www.isar-rider.de\/en\/wp-json\/wp\/v2\/product_tag?post=60607"},{"taxonomy":"giftcard-category","embeddable":true,"href":"https:\/\/www.isar-rider.de\/en\/wp-json\/wp\/v2\/giftcard-category?post=60607"}],"curies":[{"name":"wp","href":"https:\/\/api.w.org\/{rel}","templated":true}]}}